{"id":497,"date":"2022-11-28T11:59:23","date_gmt":"2022-11-28T10:59:23","guid":{"rendered":"http:\/\/www.memosis.it\/?page_id=497"},"modified":"2022-11-28T12:03:17","modified_gmt":"2022-11-28T11:03:17","slug":"libri-vaganti","status":"publish","type":"page","link":"https:\/\/www.memosis.it\/index.php\/libri-vaganti\/","title":{"rendered":"Libri vaganti"},"content":{"rendered":"\n<p><strong>Libri Vaganti<\/strong> \u00e8 un progetto finanziato da <strong>Fondazione Cariplo<\/strong>. Partecipano al progetto <strong>M\u00e9mosis<\/strong> societ\u00e0 cooperativa come soggetto capofila e i partner <strong>MLFM<\/strong> (Movimento Lotta Fame nel Mondo), associazione <strong>Progetto Pretesto<\/strong> e <strong>Ufficio di Piano di Lodi<\/strong> (dell\u2019ASCI &#8211; Azienda Speciale Consortile Servizi Intercomunali).<\/p>\n\n\n\n<p>Ecco una sintesi del progetto Libri Vaganti.<\/p>\n\n\n\n<h3><strong>Obiettivo generale<\/strong><\/h3>\n\n\n\n<p>Coinvolgere lettori e non lettori, mediante l\u2019attivazione di una rete di soggetti locali, formalmente costituiti e non, che stimolino la curiosit\u00e0 per la lettura attraverso laboratori e attivit\u00e0, al di fuori dei luoghi tradizionalmente legati all\u2019oggetto-libro (biblioteca e librerie).<\/p>\n\n\n\n<h3><strong>Obiettivi specifici<\/strong><\/h3>\n\n\n\n<ol><li>Promuovere la lettura nei contesti periferici e intercettare nuovi lettori, aumentando e differenziando i canali di accesso alla lettura (Little Free Library e audio-storie).<\/li><li>Rendere le comunit\u00e0 locali protagoniste e creare reti di lettori, coinvolgendo realt\u00e0 di volontariato sociale e ambientale del territorio.<\/li><li>Diffondere la lettura come pratica inclusiva, al di l\u00e0 dei limiti sociali, culturali, linguistici, economici, attraverso un calendario di incontri, attivit\u00e0 partecipate, laboratori ed eventi per destinatari differenti.<\/li><\/ol>\n\n\n\n<h3><strong>La strategia d\u2019intervento prevede<\/strong><\/h3>\n\n\n\n<ul><li>L\u2019allestimento, attraverso workshop partecipati, di strutture per i libri e la lettura (panchine e Little Free Library) in luoghi fisici aperti al pubblico (parchi nelle aree periferiche e luoghi di aggregazione), dove svolgere le attivit\u00e0 di progetto;<\/li><li>L\u2019aggancio e il coinvolgimento di associazioni formalmente costituite, gruppi informali e singoli cittadini;<\/li><li>La realizzazione di attivit\u00e0 e iniziative che promuovano la partecipazione e la condivisione di pratiche e strumenti legati alla lettura e al libro, tramite proposte divertenti e coinvolgenti. Le iniziative si presenteranno come occasioni per parlare, ascoltare, immaginare e creare intorno a romanzi, storie, autori.<\/li><li>Una forte azione trasversale di comunicazione e promozione attraverso i mezzi a disposizione della rete di partner, quali siti dei singoli enti, pagine social, contatti istituzionali, ma anche azioni di facilitazione di comunit\u00e0, passaparola e spazi pubblicitari.<\/li><\/ul>\n\n\n\n<p>Le diverse azioni del progetto consentiranno di raggiungere fasce di popolazione attualmente escluse dalla pratica della lettura: abitanti dei quartieri periferici, persone con disabilit\u00e0 e difficolt\u00e0 di lettura, persone straniere. Destinatari privilegiati delle diverse iniziative saranno bambini e adolescenti, agganciati sia attraverso il coinvolgimento delle scuole sia invitando le famiglie a partecipare a laboratori ed eventi. La presenza dell\u2019associazione Progetto Pretesto permetter\u00e0 di raggiungere un pubblico giovane, sensibilizzato anche grazie ad un\u2019efficace campagna sui social. La creazione di nuove postazioni per la lettura e il bookcrossing nel contesto urbano generer\u00e0 una pi\u00f9 intensa e libera circolazione dei libri in citt\u00e0. Infine il coinvolgimento dei cittadini dei quartieri e delle realt\u00e0 associative permetter\u00e0 di creare una comunit\u00e0 pi\u00f9 coinvolta nella promozione della lettura.<\/p>\n\n\n\n<h5><strong>Durata prevista per la realizzazione del progetto<\/strong><\/h5>\n\n\n\n<p>Gennaio 2022 &#8211; Dicembre 2022<\/p>\n\n\n<div  ><style id=\"sp_lcp_dynamic_css481\">div#logo-carousel-free-481.logo-carousel-free .sp-lc-logo{\n\tborder: 1px none #dddddd;\n}div#logo-carousel-free-481.logo-carousel-free .sp-lc-logo:hover{\n\tborder-color: #16a08b;\n}#logo-carousel-free-481.sp-lc-container .sp-logo-carousel {\n\t\t\tpadding-bottom: 46px;\n\t\t}\n\t\t#logo-carousel-free-481.sp-lc-container .sp-lc-pagination .swiper-pagination-bullet {\n\t\t\tbackground-color: #dddddd;\n\t\t\tmargin: 0 4px;\n\t\t}\n\t\t#logo-carousel-free-481.sp-lc-container .sp-lc-pagination .swiper-pagination-bullet.swiper-pagination-bullet-active{background-color: #16a08b; }\n\t\t#logo-carousel-free-481.sp-lc-container .sp-logo-carousel {\n\t\tpadding-top: 46px;\n\t}\n\t#logo-carousel-free-481.sp-lc-container .sp-lc-button-prev,\n\t#logo-carousel-free-481.sp-lc-container .sp-lc-button-next {\n\t\tcolor: #aaaaaa;\n\t\tbackground: transparent;\n\t\tborder: 1px solid #aaaaaa;\n\t\tline-height: 28px;\n\t}\n\t#logo-carousel-free-481.sp-lc-container .sp-lc-button-prev:hover,\n\t#logo-carousel-free-481.sp-lc-container .sp-lc-button-next:hover{\n\t\tbackground-color: #16a08b;\n\t\tcolor: #ffffff;\n\t\tborder-color: #16a08b;\n\t}@media only screen and (max-width: 576px) {} .logo-carousel-free-area#logo-carousel-free-481{\n\t\tposition: relative;\n\t}\n\t#lcp-preloader-481{\n\t\tposition: absolute;\n\t\tleft: 0;\n\t\ttop: 0;\n\t\theight: 100%;\n\t\twidth: 100%;\n\t\ttext-align: center;\n\t\tdisplay: flex;\n\t\talign-items: center;\n\t\tjustify-content: center;\n\t\tbackground: #fff;\n\t\tz-index: 9999;\n\t} .logo-carousel-free-area#logo-carousel-free-481 .sp-logo-carousel-section-title{\n\tmargin-bottom: 30px;\n}<\/style><div id='logo-carousel-free-481' class=\"logo-carousel-free logo-carousel-free-area sp-lc-container\"><div id=\"lcp-preloader-481\" class=\"sp-logo-carousel-preloader\"><img src=\"https:\/\/www.memosis.it\/new\/wp-content\/plugins\/logo-carousel-free\/admin\/assets\/images\/spinner.svg\" alt=\"loader-image\"\/><\/div><div id=\"sp-logo-carousel-id-481\" class=\"swiper-container sp-logo-carousel lcp-preloader\" dir=\"ltr\"  data-carousel='{ \"speed\":600,\"spaceBetween\": 12, \"autoplay\": true, \"infinite\":true, \"autoplay_speed\": 3000, \"stop_onHover\": true, \"pagination\": true, \"navigation\": true, \"MobileNav\": true, \"MobilePagi\": true, \"simulateTouch\": true,\"freeMode\": false, \"allowTouchMove\": true, \"slidesPerView\": { \"lg_desktop\": 5, \"desktop\": 5, \"tablet\": 4, \"mobile\": 2, \"mobile_landscape\": 3 } }'><div class=\"swiper-wrapper\"><div class=\"swiper-slide\"><div class=\"sp-lc-logo\"><img loading=\"lazy\" src=\"https:\/\/www.memosis.it\/new\/wp-content\/uploads\/2022\/11\/Fondazione-Cariplo-1024x242.png\" title=\"\" alt=\"cariplo\" width=\"1024\" height=\"242\" class=\"sp-lc-image skip-lazy\"><\/div><\/div><div class=\"swiper-slide\"><div class=\"sp-lc-logo\"><img loading=\"lazy\" src=\"https:\/\/www.memosis.it\/new\/wp-content\/uploads\/2022\/11\/banner-libri-vaganti.png\" title=\"\" alt=\"libri vaganti\" width=\"720\" height=\"480\" class=\"sp-lc-image skip-lazy\"><\/div><\/div><div class=\"swiper-slide\"><div class=\"sp-lc-logo\"><img loading=\"lazy\" src=\"https:\/\/www.memosis.it\/new\/wp-content\/uploads\/2022\/11\/Progetto-Pretesto-1024x1024.jpg\" title=\"\" alt=\"pretesto\" width=\"1024\" height=\"1024\" class=\"sp-lc-image skip-lazy\"><\/div><\/div><div class=\"swiper-slide\"><div class=\"sp-lc-logo\"><img loading=\"lazy\" src=\"https:\/\/www.memosis.it\/new\/wp-content\/uploads\/2022\/11\/Risorsa-5-1024x204.png\" title=\"\" alt=\"m\u00e9mosis\" width=\"1024\" height=\"204\" class=\"sp-lc-image skip-lazy\"><\/div><\/div><div class=\"swiper-slide\"><div class=\"sp-lc-logo\"><img loading=\"lazy\" src=\"https:\/\/www.memosis.it\/new\/wp-content\/uploads\/2022\/11\/Comune-di-Lodi-1024x1024.jpg\" title=\"\" alt=\"lodi\" width=\"1024\" height=\"1024\" class=\"sp-lc-image skip-lazy\"><\/div><\/div><div class=\"swiper-slide\"><div class=\"sp-lc-logo\"><img loading=\"lazy\" src=\"https:\/\/www.memosis.it\/new\/wp-content\/uploads\/2022\/11\/Ufficio-di-Piano-1024x684.png\" title=\"\" alt=\"ufficio lodi\" width=\"1024\" height=\"684\" class=\"sp-lc-image skip-lazy\"><\/div><\/div><div class=\"swiper-slide\"><div class=\"sp-lc-logo\"><img loading=\"lazy\" src=\"https:\/\/www.memosis.it\/new\/wp-content\/uploads\/2022\/11\/MLFM-1024x142.png\" title=\"\" alt=\"fame mondo\" width=\"1024\" height=\"142\" class=\"sp-lc-image skip-lazy\"><\/div><\/div><\/div><div class=\"sp-lc-pagination swiper-pagination dots\"><\/div><div class=\"sp-lc-button-next\"><i class=\"fa fa-angle-right\"><\/i><\/div><div class=\"sp-lc-button-prev\"><i class=\"fa fa-angle-left\"><\/i><\/div><\/div><\/div><\/div>","protected":false},"excerpt":{"rendered":"<p>Libri Vaganti \u00e8 un progetto finanziato da Fondazione Cariplo. Partecipano al progetto M\u00e9mosis societ\u00e0 cooperativa come soggetto capofila e i partner MLFM (Movimento Lotta Fame &hellip;<\/p>\n","protected":false},"author":1,"featured_media":439,"parent":0,"menu_order":0,"comment_status":"closed","ping_status":"closed","template":"","meta":{"_coblocks_attr":"","_coblocks_dimensions":"","_coblocks_responsive_height":"","_coblocks_accordion_ie_support":"","ghostkit_customizer_options":"","ghostkit_custom_css":"","ghostkit_custom_js_head":"","ghostkit_custom_js_foot":"","ghostkit_typography":""},"uagb_featured_image_src":{"full":["https:\/\/www.memosis.it\/new\/wp-content\/uploads\/2022\/11\/Libri-Vaganti-scaled.jpg",2560,1778,false],"thumbnail":["https:\/\/www.memosis.it\/new\/wp-content\/uploads\/2022\/11\/Libri-Vaganti-150x150.jpg",150,150,true],"medium":["https:\/\/www.memosis.it\/new\/wp-content\/uploads\/2022\/11\/Libri-Vaganti-300x208.jpg",300,208,true],"medium_large":["https:\/\/www.memosis.it\/new\/wp-content\/uploads\/2022\/11\/Libri-Vaganti-768x533.jpg",768,533,true],"large":["https:\/\/www.memosis.it\/new\/wp-content\/uploads\/2022\/11\/Libri-Vaganti-1024x711.jpg",1024,711,true],"1536x1536":["https:\/\/www.memosis.it\/new\/wp-content\/uploads\/2022\/11\/Libri-Vaganti-1536x1067.jpg",1536,1067,true],"2048x2048":["https:\/\/www.memosis.it\/new\/wp-content\/uploads\/2022\/11\/Libri-Vaganti-2048x1422.jpg",2048,1422,true],"post-thumbnail":["https:\/\/www.memosis.it\/new\/wp-content\/uploads\/2022\/11\/Libri-Vaganti-432x300.jpg",432,300,true],"bravada-featured":["https:\/\/www.memosis.it\/new\/wp-content\/uploads\/2022\/11\/Libri-Vaganti-583x300.jpg",583,300,true],"bravada-featured-lp":["https:\/\/www.memosis.it\/new\/wp-content\/uploads\/2022\/11\/Libri-Vaganti-620x300.jpg",620,300,true],"bravada-featured-half":["https:\/\/www.memosis.it\/new\/wp-content\/uploads\/2022\/11\/Libri-Vaganti-800x300.jpg",800,300,true],"bravada-featured-third":["https:\/\/www.memosis.it\/new\/wp-content\/uploads\/2022\/11\/Libri-Vaganti-512x300.jpg",512,300,true],"bravada-lpbox-1":["https:\/\/www.memosis.it\/new\/wp-content\/uploads\/2022\/11\/Libri-Vaganti-310x250.jpg",310,250,true],"bravada-lpbox-2":["https:\/\/www.memosis.it\/new\/wp-content\/uploads\/2022\/11\/Libri-Vaganti-413x300.jpg",413,300,true]},"uagb_author_info":{"display_name":"memosis21","author_link":"https:\/\/www.memosis.it\/index.php\/author\/memosis21\/"},"uagb_comment_info":0,"uagb_excerpt":"Libri Vaganti \u00e8 un progetto finanziato da Fondazione Cariplo. Partecipano al progetto M\u00e9mosis societ\u00e0 cooperativa come soggetto capofila e i partner MLFM (Movimento Lotta Fame &hellip;","_links":{"self":[{"href":"https:\/\/www.memosis.it\/index.php\/wp-json\/wp\/v2\/pages\/497"}],"collection":[{"href":"https:\/\/www.memosis.it\/index.php\/wp-json\/wp\/v2\/pages"}],"about":[{"href":"https:\/\/www.memosis.it\/index.php\/wp-json\/wp\/v2\/types\/page"}],"author":[{"embeddable":true,"href":"https:\/\/www.memosis.it\/index.php\/wp-json\/wp\/v2\/users\/1"}],"replies":[{"embeddable":true,"href":"https:\/\/www.memosis.it\/index.php\/wp-json\/wp\/v2\/comments?post=497"}],"version-history":[{"count":3,"href":"https:\/\/www.memosis.it\/index.php\/wp-json\/wp\/v2\/pages\/497\/revisions"}],"predecessor-version":[{"id":503,"href":"https:\/\/www.memosis.it\/index.php\/wp-json\/wp\/v2\/pages\/497\/revisions\/503"}],"wp:featuredmedia":[{"embeddable":true,"href":"https:\/\/www.memosis.it\/index.php\/wp-json\/wp\/v2\/media\/439"}],"wp:attachment":[{"href":"https:\/\/www.memosis.it\/index.php\/wp-json\/wp\/v2\/media?parent=497"}],"curies":[{"name":"wp","href":"https:\/\/api.w.org\/{rel}","templated":true}]}}